{"id":5459,"date":"2021-06-02T03:07:22","date_gmt":"2021-06-02T03:07:22","guid":{"rendered":"https:\/\/neomano.com\/?page_id=5459"},"modified":"2024-02-28T02:11:24","modified_gmt":"2024-02-28T02:11:24","slug":"acerca-de-neomano-com","status":"publish","type":"page","link":"https:\/\/neomano.com\/en\/acerca-de-neomano-com\/","title":{"rendered":"Acerca de Edgar Land\u00edvar y Neomano.com"},"content":{"rendered":"<p>Neomano.com es un blog que empec\u00e9 hace ya una d\u00e9cada aproximadamente. En esencia, para compartir las ideas que ten\u00eda en la cabeza. Supongo que as\u00ed arrancan muchos blogs.<\/p>\n\n\n\n<p>Como no hay un objetivo m\u00e1s que ese, aqu\u00ed se encontrar\u00e1 una sopa de temas, pero tratar\u00e9 de resumir los m\u00e1s relevantes: <strong>Historical curiosities<\/strong>, <strong>tecnolog\u00eda<\/strong> Y <strong>microrelatos<\/strong>.<\/p>\n\n\n\n<p>Neomano ha sido un escape refrescante para mi y espero que lo sea tambi\u00e9n para el lector. Despu\u00e9s de m\u00e1s de 20 a\u00f1os trabajando en tecnolog\u00eda y como aficionado a la historia, tengo algunas cosas que contar y de cuando en cuando las voy escribiendo. A trav\u00e9s de este blog he conocido gente y he aprendido mucho.<\/p>\n\n\n\n<p>Ahora un poco m\u00e1s de mi. Mi nombre es Edgar Land\u00edvar y me dedico a la tecnolog\u00eda principalmente. En 1998 fund\u00e9 una empresa llamada <a href=\"http:\/\/palosanto.com\" class=\"rank-math-link\">PaloSanto Solutions<\/a>, que fue pionera en el software libre en Ecuador. Muy probablemente la empresa con m\u00e1s historia en este t\u00f3pico en el pa\u00eds. Hace unos a\u00f1os dej\u00e9 la direcci\u00f3n de la compa\u00f1\u00eda y emprend\u00ed la aventura de dise\u00f1ar hardware. Eso es lo que hago en <a href=\"http:\/\/yubox.com\" class=\"rank-math-link\">Yubox.com<\/a>. He escrito un par de libros, me gusta la naturaleza, <a href=\"http:\/\/openventi.org\" data-type=\"URL\" data-id=\"openventi.org\" class=\"rank-math-link\">la labor social<\/a>, los ferrocarriles, la historia y los equipos de audio. Leo bastante y soy algo activo en <a href=\"http:\/\/twitter.com\/elandivar\" class=\"rank-math-link\">Twitter<\/a>. El resto se los ir\u00e9 confesando en este espacio. Gracias por visitarme.<\/p>\n\n\n\n<p>&#8212; Edgar<\/p>\n\n\n\n<p>Otros emprendimientos:<\/p>\n\n\n\n<ul><li><a href=\"http:\/\/openventi.org\/\">openventi.org<\/a> &#8212; Respirador para COVID en medio de la pandemia<\/li><li><a href=\"http:\/\/asiri.ec\/\">asiri.ec<\/a> &#8212; Primer FabLab de Guayaquil<\/li><li>X-Bow Smart Guitar &#8212; <\/li><\/ul>\n\n\n\n<p>Un listado de todos los t\u00f3picos que cubre Neomano.com<\/p>\n\n\n<ul class=\"wp-block-categories-list wp-block-categories\">\t<li class=\"cat-item cat-item-174\"><a href=\"https:\/\/neomano.com\/en\/category\/alimentacion\/\">Alimentaci\u00f3n<\/a>\n<\/li>\n\t<li class=\"cat-item cat-item-69\"><a href=\"https:\/\/neomano.com\/en\/category\/amplificadores-antiguos\/\">Old amplifiers<\/a>\n<\/li>\n\t<li class=\"cat-item cat-item-43\"><a href=\"https:\/\/neomano.com\/en\/category\/antiguedades\/\">Antiques<\/a>\n<\/li>\n\t<li class=\"cat-item cat-item-172\"><a href=\"https:\/\/neomano.com\/en\/category\/antropologia\/\">Antropolog\u00eda<\/a>\n<\/li>\n\t<li class=\"cat-item cat-item-79\"><a href=\"https:\/\/neomano.com\/en\/category\/beekeeping\/\">Beekeeping<\/a>\n<\/li>\n\t<li class=\"cat-item cat-item-45\"><a href=\"https:\/\/neomano.com\/en\/category\/astronomia\/\">Astronom\u00eda<\/a>\n<\/li>\n\t<li class=\"cat-item cat-item-46\"><a href=\"https:\/\/neomano.com\/en\/category\/atari\/\">Atari<\/a>\n<\/li>\n\t<li class=\"cat-item cat-item-47\"><a href=\"https:\/\/neomano.com\/en\/category\/biologia\/\">biology<\/a>\n<\/li>\n\t<li class=\"cat-item cat-item-49\"><a href=\"https:\/\/neomano.com\/en\/category\/camping\/\">Camping<\/a>\n<\/li>\n\t<li class=\"cat-item cat-item-48\"><a href=\"https:\/\/neomano.com\/en\/category\/brain\/\">Brain<\/a>\n<\/li>\n\t<li class=\"cat-item cat-item-51\"><a href=\"https:\/\/neomano.com\/en\/category\/science-past\/\">Science of the past<\/a>\n<\/li>\n\t<li class=\"cat-item cat-item-72\"><a href=\"https:\/\/neomano.com\/en\/category\/science\/\">Science and Technology<\/a>\n<\/li>\n\t<li class=\"cat-item cat-item-99\"><a href=\"https:\/\/neomano.com\/en\/category\/codigo-abierto\/\">Open Source<\/a>\n<\/li>\n\t<li class=\"cat-item cat-item-173\"><a href=\"https:\/\/neomano.com\/en\/category\/computacion-cuantica\/\">Computaci\u00f3n cu\u00e1ntica<\/a>\n<\/li>\n\t<li class=\"cat-item cat-item-52\"><a href=\"https:\/\/neomano.com\/en\/category\/computadoras-antiguas\/\">Old Computers<\/a>\n<\/li>\n\t<li class=\"cat-item cat-item-74\"><a href=\"https:\/\/neomano.com\/en\/category\/cryptocurrencies\/\">Cryptocurrencies<\/a>\n<\/li>\n\t<li class=\"cat-item cat-item-53\"><a href=\"https:\/\/neomano.com\/en\/category\/curiosidades\/\">Curiosities<\/a>\n<\/li>\n\t<li class=\"cat-item cat-item-177\"><a href=\"https:\/\/neomano.com\/en\/category\/curiosidades-historicas\/\">Historical curiosities<\/a>\n<\/li>\n\t<li class=\"cat-item cat-item-54\"><a href=\"https:\/\/neomano.com\/en\/category\/desarrollo\/\">Software development<\/a>\n<\/li>\n\t<li class=\"cat-item cat-item-78\"><a href=\"https:\/\/neomano.com\/en\/category\/destacada\/\">Featured<\/a>\n<\/li>\n\t<li class=\"cat-item cat-item-55\"><a href=\"https:\/\/neomano.com\/en\/category\/hazlo-tu-mismo\/\">DIY<\/a>\n<\/li>\n\t<li class=\"cat-item cat-item-56\"><a href=\"https:\/\/neomano.com\/en\/category\/ecuador\/\">Ecuador<\/a>\n<\/li>\n\t<li class=\"cat-item cat-item-93\"><a href=\"https:\/\/neomano.com\/en\/category\/eficiencia-energetica\/\">Energy efficiency<\/a>\n<\/li>\n\t<li class=\"cat-item cat-item-57\"><a href=\"https:\/\/neomano.com\/en\/category\/electronica\/\">electronics<\/a>\n<\/li>\n\t<li class=\"cat-item cat-item-58\"><a href=\"https:\/\/neomano.com\/en\/category\/energia-renovable\/\">Renewable energy<\/a>\n<\/li>\n\t<li class=\"cat-item cat-item-175\"><a href=\"https:\/\/neomano.com\/en\/category\/etimologia\/\">etymology<\/a>\n<\/li>\n\t<li class=\"cat-item cat-item-75\"><a href=\"https:\/\/neomano.com\/en\/category\/featured\/\">Featured<\/a>\n<\/li>\n\t<li class=\"cat-item cat-item-77\"><a href=\"https:\/\/neomano.com\/en\/category\/fotografia\/\">Photography<\/a>\n<\/li>\n\t<li class=\"cat-item cat-item-59\"><a href=\"https:\/\/neomano.com\/en\/category\/gastronomia\/\">Gastronomy<\/a>\n<\/li>\n\t<li class=\"cat-item cat-item-60\"><a href=\"https:\/\/neomano.com\/en\/category\/historia\/\">Story<\/a>\n<\/li>\n\t<li class=\"cat-item cat-item-62\"><a href=\"https:\/\/neomano.com\/en\/category\/inteligencia-artificial\/\">Artificial intelligence<\/a>\n<\/li>\n\t<li class=\"cat-item cat-item-61\"><a href=\"https:\/\/neomano.com\/en\/category\/internet\/\">Internet<\/a>\n<\/li>\n\t<li class=\"cat-item cat-item-63\"><a href=\"https:\/\/neomano.com\/en\/category\/internet-de-las-cosas\/\">IoT<\/a>\n<\/li>\n\t<li class=\"cat-item cat-item-178\"><a href=\"https:\/\/neomano.com\/en\/category\/juegos-de-video\/\">Juegos de Video<\/a>\n<\/li>\n\t<li class=\"cat-item cat-item-64\"><a href=\"https:\/\/neomano.com\/en\/category\/linguistica\/\">Linguistics<\/a>\n<\/li>\n\t<li class=\"cat-item cat-item-65\"><a href=\"https:\/\/neomano.com\/en\/category\/literatura\/\">Literature<\/a>\n<\/li>\n\t<li class=\"cat-item cat-item-70\"><a href=\"https:\/\/neomano.com\/en\/category\/memorias\/\">Memories<\/a>\n<\/li>\n\t<li class=\"cat-item cat-item-66\"><a href=\"https:\/\/neomano.com\/en\/category\/micro-relato\/\">Micro story<\/a>\n<\/li>\n\t<li class=\"cat-item cat-item-181\"><a href=\"https:\/\/neomano.com\/en\/category\/musica\/\">M\u00fasica<\/a>\n<\/li>\n\t<li class=\"cat-item cat-item-100\"><a href=\"https:\/\/neomano.com\/en\/category\/pandemia-covid19\/\">COVID19 pandemic<\/a>\n<\/li>\n\t<li class=\"cat-item cat-item-71\"><a href=\"https:\/\/neomano.com\/en\/category\/pasatiempos\/\">Hobbies<\/a>\n<\/li>\n\t<li class=\"cat-item cat-item-179\"><a href=\"https:\/\/neomano.com\/en\/category\/piratas\/\">Piratas<\/a>\n<\/li>\n\t<li class=\"cat-item cat-item-176\"><a href=\"https:\/\/neomano.com\/en\/category\/smart-cities\/\">Smart Cities<\/a>\n<\/li>\n\t<li class=\"cat-item cat-item-102\"><a href=\"https:\/\/neomano.com\/en\/category\/software\/\">software<\/a>\n<\/li>\n\t<li class=\"cat-item cat-item-180\"><a href=\"https:\/\/neomano.com\/en\/category\/tecnologia\/\">Technology<\/a>\n<\/li>\n\t<li class=\"cat-item cat-item-67\"><a href=\"https:\/\/neomano.com\/en\/category\/telefonia\/\">Telephony<\/a>\n<\/li>\n\t<li class=\"cat-item cat-item-168\"><a href=\"https:\/\/neomano.com\/en\/category\/uncategorized-en\/\">Uncategorized<\/a>\n<\/li>\n\t<li class=\"cat-item cat-item-1\"><a href=\"https:\/\/neomano.com\/en\/category\/uncategorized\/\">Uncategorized<\/a>\n<\/li>\n\t<li class=\"cat-item cat-item-92\"><a href=\"https:\/\/neomano.com\/en\/category\/vehiculos-electricos\/\">Electric vehicles<\/a>\n<\/li>\n<\/ul>\n\n\n<p><\/p>","protected":false},"excerpt":{"rendered":"<p>Neomano.com es un blog que empec\u00e9 hace ya una d\u00e9cada aproximadamente. En esencia, para compartir las ideas que<\/p>","protected":false},"author":1,"featured_media":0,"parent":0,"menu_order":0,"comment_status":"closed","ping_status":"closed","template":"","meta":[],"yoast_head":"<!-- This site is optimized with the Yoast SEO plugin v16.5 - https:\/\/yoast.com\/wordpress\/plugins\/seo\/ -->\n<title>Acerca de Edgar Land\u00edvar y Neomano.com - Neomano.com<\/title>\n<meta name=\"robots\" content=\"index, follow, max-snippet:-1, max-image-preview:large, max-video-preview:-1\" \/>\n<link rel=\"canonical\" href=\"https:\/\/neomano.com\/en\/acerca-de-neomano-com\/\" \/>\n<meta property=\"og:locale\" content=\"en_US\" \/>\n<meta property=\"og:type\" content=\"article\" \/>\n<meta property=\"og:title\" content=\"Acerca de Edgar Land\u00edvar y Neomano.com - Neomano.com\" \/>\n<meta property=\"og:description\" content=\"Neomano.com es un blog que empec\u00e9 hace ya una d\u00e9cada aproximadamente. En esencia, para compartir las ideas que\" \/>\n<meta property=\"og:url\" content=\"https:\/\/neomano.com\/en\/acerca-de-neomano-com\/\" \/>\n<meta property=\"og:site_name\" content=\"Neomano.com\" \/>\n<meta property=\"article:modified_time\" content=\"2024-02-28T02:11:24+00:00\" \/>\n<meta name=\"twitter:card\" content=\"summary_large_image\" \/>\n<meta name=\"twitter:site\" content=\"@elandivar\" \/>\n<meta name=\"twitter:label1\" content=\"Est. reading time\" \/>\n\t<meta name=\"twitter:data1\" content=\"2 minutes\" \/>\n<script type=\"application\/ld+json\" class=\"yoast-schema-graph\">{\"@context\":\"https:\/\/schema.org\",\"@graph\":[{\"@type\":\"Organization\",\"@id\":\"https:\/\/neomano.com\/#organization\",\"name\":\"Neomano\",\"url\":\"https:\/\/neomano.com\/\",\"sameAs\":[\"https:\/\/www.youtube.com\/c\/EdgarLandivarNeomano\",\"https:\/\/twitter.com\/elandivar\"],\"logo\":{\"@type\":\"ImageObject\",\"@id\":\"https:\/\/neomano.com\/#logo\",\"inLanguage\":\"en-US\",\"url\":\"https:\/\/neomano.com\/wp-content\/uploads\/2021\/05\/neomano_logo2.png\",\"contentUrl\":\"https:\/\/neomano.com\/wp-content\/uploads\/2021\/05\/neomano_logo2.png\",\"width\":800,\"height\":453,\"caption\":\"Neomano\"},\"image\":{\"@id\":\"https:\/\/neomano.com\/#logo\"}},{\"@type\":\"WebSite\",\"@id\":\"https:\/\/neomano.com\/#website\",\"url\":\"https:\/\/neomano.com\/\",\"name\":\"Neomano.com\",\"description\":\"Blog de tecnolog\\u00eda, curiosidades e historia\",\"publisher\":{\"@id\":\"https:\/\/neomano.com\/#organization\"},\"potentialAction\":[{\"@type\":\"SearchAction\",\"target\":\"https:\/\/neomano.com\/?s={search_term_string}\",\"query-input\":\"required name=search_term_string\"}],\"inLanguage\":\"en-US\"},{\"@type\":\"WebPage\",\"@id\":\"https:\/\/neomano.com\/acerca-de-neomano-com\/#webpage\",\"url\":\"https:\/\/neomano.com\/acerca-de-neomano-com\/\",\"name\":\"Acerca de Edgar Land\\u00edvar y Neomano.com - Neomano.com\",\"isPartOf\":{\"@id\":\"https:\/\/neomano.com\/#website\"},\"datePublished\":\"2021-06-02T03:07:22+00:00\",\"dateModified\":\"2024-02-28T02:11:24+00:00\",\"breadcrumb\":{\"@id\":\"https:\/\/neomano.com\/acerca-de-neomano-com\/#breadcrumb\"},\"inLanguage\":\"en-US\",\"potentialAction\":[{\"@type\":\"ReadAction\",\"target\":[\"https:\/\/neomano.com\/acerca-de-neomano-com\/\"]}]},{\"@type\":\"BreadcrumbList\",\"@id\":\"https:\/\/neomano.com\/acerca-de-neomano-com\/#breadcrumb\",\"itemListElement\":[{\"@type\":\"ListItem\",\"position\":1,\"name\":\"Home\",\"item\":\"https:\/\/neomano.com\/\"},{\"@type\":\"ListItem\",\"position\":2,\"name\":\"Acerca de Edgar Land\\u00edvar y Neomano.com\"}]}]}<\/script>\n<!-- \/ Yoast SEO plugin. -->","_links":{"self":[{"href":"https:\/\/neomano.com\/en\/wp-json\/wp\/v2\/pages\/5459"}],"collection":[{"href":"https:\/\/neomano.com\/en\/wp-json\/wp\/v2\/pages"}],"about":[{"href":"https:\/\/neomano.com\/en\/wp-json\/wp\/v2\/types\/page"}],"author":[{"embeddable":true,"href":"https:\/\/neomano.com\/en\/wp-json\/wp\/v2\/users\/1"}],"replies":[{"embeddable":true,"href":"https:\/\/neomano.com\/en\/wp-json\/wp\/v2\/comments?post=5459"}],"version-history":[{"count":2,"href":"https:\/\/neomano.com\/en\/wp-json\/wp\/v2\/pages\/5459\/revisions"}],"predecessor-version":[{"id":7767,"href":"https:\/\/neomano.com\/en\/wp-json\/wp\/v2\/pages\/5459\/revisions\/7767"}],"wp:attachment":[{"href":"https:\/\/neomano.com\/en\/wp-json\/wp\/v2\/media?parent=5459"}],"curies":[{"name":"wp","href":"https:\/\/api.w.org\/{rel}","templated":true}]}}